{"id":63,"date":"2015-09-02T17:41:22","date_gmt":"2015-09-02T17:41:22","guid":{"rendered":"http:\/\/michaelzine.com\/Wordpress\/?page_id=63"},"modified":"2020-06-07T21:09:18","modified_gmt":"2020-06-07T21:09:18","slug":"a-propos","status":"publish","type":"page","link":"https:\/\/michaelzine.com\/Wordpress\/?page_id=63","title":{"rendered":"\u00c0 Propos"},"content":{"rendered":"<p>Cr\u00e9\u00e9 en 2010, MICHAELzine est le 1er fanzine num\u00e9rique francophone consacr\u00e9 \u00e0 Michael Jackson. Gratuit, ce fanzine est t\u00e9l\u00e9chargeable librement au format acrobat reader.<\/p>\n<p>MICHAELzine n\u2019est affili\u00e9 \u00e0 aucun organisme officiel charg\u00e9 de g\u00e9rer les droits de Michael Jackson. Il s\u2019agit d\u2019un magazine r\u00e9alis\u00e9 par les fans pour les fans.<\/p>\n<p>L\u2019\u00e9quipe propose diff\u00e9rents supports imprim\u00e9s de ses publications en tirage limit\u00e9.<\/p>\n<p>MICHAELzine entend d\u00e9velopper une approche diff\u00e9rente afin de faire vivre son concept pionnier qui repose sur <strong>plusieurs principes<\/strong> :<\/p>\n<div style=\"color: #ff0000;\">\n<ul>\n<li><span style=\"color: black;\"><strong>La gratuit\u00e9.<\/strong><\/span><\/li>\n<\/ul>\n<\/div>\n<div style=\"color: #ff0000;\">\n<ul>\n<li style=\"list-style-type: none;\">\n<ul>\n<li><span style=\"color: black;\"><strong>Le format num\u00e9rique.<\/strong> Votre fanzine gratuit peut \u00eatre lu sur vos ordinateurs ou sur vos tablettes tactiles. Il est interactif et au gr\u00e9 de ses articles vous renvoie vers des sites, du contenu audio et vid\u00e9o disponibles sur le Web.<\/span><\/li>\n<\/ul>\n<\/li>\n<\/ul>\n<p>\u00a0<\/p>\n<center><a href=\"http:\/\/michaelzine.com\/Wordpress\/wp-content\/uploads\/2015\/09\/michaelzinetablette.jpg\"><img loading=\"lazy\" decoding=\"async\" class=\"alignnone size-full wp-image-218\" src=\"http:\/\/michaelzine.com\/Wordpress\/wp-content\/uploads\/2015\/09\/michaelzinetablette.jpg\" alt=\"\" width=\"550\" height=\"368\" srcset=\"https:\/\/michaelzine.com\/Wordpress\/wp-content\/uploads\/2015\/09\/michaelzinetablette.jpg 550w, https:\/\/michaelzine.com\/Wordpress\/wp-content\/uploads\/2015\/09\/michaelzinetablette-300x201.jpg 300w, https:\/\/michaelzine.com\/Wordpress\/wp-content\/uploads\/2015\/09\/michaelzinetablette-510x340.jpg 510w, https:\/\/michaelzine.com\/Wordpress\/wp-content\/uploads\/2015\/09\/michaelzinetablette-480x320.jpg 480w\" sizes=\"(max-width: 550px) 100vw, 550px\" \/><\/a><\/center>\n<p>\u00a0<\/p>\n<\/div>\n<div style=\"color: #ff0000;\">\n<ul>\n<li><span style=\"color: black;\"><span style=\"color: black;\"><span style=\"color: black;\"><strong>Une mise en page originale<\/strong> d\u00e9velopp\u00e9e <span style=\"text-decoration: underline;\">depuis 2010<\/span> et diff\u00e9rente par rapport \u00e0 ce qui se faisait jusqu\u2019\u00e0 pr\u00e9sent dans les fanzines jacksoniens : types de photos , cadrages, polices d\u2019\u00e9criture, la fameuse double page de pr\u00e9sentation avec son court texte d\u2019introduction, l\u2019\u00e9dito r\u00e9dig\u00e9 par une personnalit\u00e9 du monde jacksonien (depuis octobre 2014), etc.<\/span><\/span><\/span>\n<p>\u00a0<\/p>\n<center><img loading=\"lazy\" decoding=\"async\" class=\"alignnone size-full wp-image-312\" src=\"http:\/\/michaelzine.com\/Wordpress\/wp-content\/uploads\/2015\/09\/MICHAELzine_layout_sample.png\" alt=\"MICHAELzine_layout_sample\" width=\"470\" height=\"600\" srcset=\"https:\/\/michaelzine.com\/Wordpress\/wp-content\/uploads\/2015\/09\/MICHAELzine_layout_sample.png 470w, https:\/\/michaelzine.com\/Wordpress\/wp-content\/uploads\/2015\/09\/MICHAELzine_layout_sample-235x300.png 235w\" sizes=\"(max-width: 470px) 100vw, 470px\" \/><\/center>\n<p>\u00a0<\/p>\n<p>Un autre support t\u00e9l\u00e9chargeable et gratuit est aussi r\u00e9alis\u00e9 par l\u2019\u00e9quipe : \u00ab <strong>Men In Black <\/strong>\u00bb. Cette \u00ab <strong>feuille de MICHAELzine<\/strong> \u00bb innovait <span style=\"text-decoration: underline;\">d\u00e8s 2012<\/span> par son contenu et sa mise en page (vieux papier journal, police d\u2019\u00e9criture type \u00ab machine \u00e0 \u00e9crire \u00bb, etc.).<\/p>\n<p>\u00a0<\/p>\n<center><img loading=\"lazy\" decoding=\"async\" class=\"alignnone size-full wp-image-315\" src=\"http:\/\/michaelzine.com\/Wordpress\/wp-content\/uploads\/2015\/09\/Men_In_Black_layout_sample_01.png\" alt=\"Men_In_Black_layout_sample_01\" width=\"600\" height=\"670\" srcset=\"https:\/\/michaelzine.com\/Wordpress\/wp-content\/uploads\/2015\/09\/Men_In_Black_layout_sample_01.png 600w, https:\/\/michaelzine.com\/Wordpress\/wp-content\/uploads\/2015\/09\/Men_In_Black_layout_sample_01-269x300.png 269w, https:\/\/michaelzine.com\/Wordpress\/wp-content\/uploads\/2015\/09\/Men_In_Black_layout_sample_01-480x536.png 480w\" sizes=\"(max-width: 600px) 100vw, 600px\" \/><\/center>\n<p>\u00a0<\/p>\n<p>\u00a0<\/p>\n<\/li>\n<\/ul>\n<\/div>\n<div style=\"color: #ff0000;\">\n<ul>\n<li><span style=\"color: black;\"><strong>Le respect des droits photos<\/strong> : \u00e0 la diff\u00e9rence de plusieurs fanzines anglophones, MICHAELzine paie les droits des photos qu\u2019il utilise.<br \/>Concernant les quelques photos utilis\u00e9es dans l\u2019\u00e9dition num\u00e9rique sous la licence \u00ab Creative Commons \u00bb, elles sont g\u00e9n\u00e9ralement remplac\u00e9es dans l\u2019\u00e9dition imprim\u00e9e par des photos dont nous avons pay\u00e9 les droits.<\/span><\/li>\n<\/ul>\n<\/div>\n<div style=\"color: #ff0000;\">\n<ul>\n<li><span style=\"color: black;\"><span style=\"color: black;\"><strong>La version imprim\u00e9e<\/strong>. Depuis 2014, nous proposons une \u00e9dition imprim\u00e9e de certains num\u00e9ros du fanzine. Ces exemplaires sont distribu\u00e9s lors de concours.<br \/>D\u00e9sormais, une version imprim\u00e9e payante de MICHAELzine sera disponible en plus de la version num\u00e9rique gratuite.<br \/><\/span><\/span><center><img loading=\"lazy\" decoding=\"async\" class=\"alignnone size-full wp-image-317\" src=\"http:\/\/michaelzine.com\/Wordpress\/wp-content\/uploads\/2015\/09\/MICHAELzine_printed_version.jpg\" alt=\"MICHAELzine_printed_version\" width=\"600\" height=\"399\" srcset=\"https:\/\/michaelzine.com\/Wordpress\/wp-content\/uploads\/2015\/09\/MICHAELzine_printed_version.jpg 600w, https:\/\/michaelzine.com\/Wordpress\/wp-content\/uploads\/2015\/09\/MICHAELzine_printed_version-300x200.jpg 300w, https:\/\/michaelzine.com\/Wordpress\/wp-content\/uploads\/2015\/09\/MICHAELzine_printed_version-510x340.jpg 510w, https:\/\/michaelzine.com\/Wordpress\/wp-content\/uploads\/2015\/09\/MICHAELzine_printed_version-480x320.jpg 480w\" sizes=\"(max-width: 600px) 100vw, 600px\" \/><\/center><\/li>\n<\/ul>\n<\/div>\n<div style=\"color: #ff0000;\">\n<ul>\n<li><span style=\"color: black;\"><strong>L\u2019ind\u00e9pendance<\/strong> : Nous ne servons ni les int\u00e9r\u00eats de l\u2019Estate Michael Jackson ni ceux de la maison de disques Sony ni ceux de groupes de fans.<br \/>Nous d\u00e9veloppons un regard critique et argument\u00e9.<\/span><\/li>\n<\/ul>\n<\/div>\n<div style=\"color: #ff0000;\">\n<ul>\n<li><span style=\"color: black;\"><strong>Les contributions<\/strong> : Les lecteurs peuvent proposer des contributions (et recevoir ainsi d\u00e9sormais gratuitement un exemplaire imprim\u00e9 de MICHAELzine !). Leurs textes seront soumis \u00e0 notre comit\u00e9 de r\u00e9daction pour validation.<\/span><\/li>\n<\/ul>\n<\/div>\n\n\n<div style=\"height:125px\" aria-hidden=\"true\" class=\"wp-block-spacer\"><\/div>\n\n\n\n<hr class=\"wp-block-separator\"\/>\n\n\n\n<p class=\"has-large-font-size\"><strong>L&#8217;\u00e9quipe<\/strong><\/p>\n\n\n\n<p><img loading=\"lazy\" decoding=\"async\" src=\"http:\/\/michaelzine.com\/Wordpress\/english\/wp-content\/uploads\/2015\/09\/Michaelzine_fanzine_Michael_Jackson_fan_magazine_Men_In_Black.jpg\" alt=\"Michaelzine_fanzine_Michael_Jackson_fan_magazine_Men_In_Black\" width=\"1122\" height=\"556\"><\/p>\n\n\n\n<ul class=\"wp-block-list\"><li><strong>P. Cornella<\/strong> : Infographiste , cr\u00e9ateur de la maquette originelle de \u00abMICHAELzine\u00bb en 2009, a \u00e9galement cr\u00e9\u00e9 le logo de \u00abMen In Black\u00bb (2012) . Philippe nous conseille r\u00e9guli\u00e8rement sur des aspects techniques et sur l\u2019\u00e9volution du concept.<\/li><\/ul>\n\n\n\n<ul class=\"wp-block-list\"><li><strong>Lidiia Mallet<\/strong> : Traductrice. Lidiia traduit depuis 2010 la plupart de nos textes pour les interviews en anglais ainsi que nos textes pour la version en anglais du site michaelzine.com.<\/li><\/ul>\n\n\n\n<ul class=\"wp-block-list\"><li><strong>BIGBROTHER<\/strong> : Collaborateur de MJLegend et cr\u00e9ateur de \u00abMICHAELzine\u00bb. R\u00e9dacteur en chef , Seb. r\u00e9alise la mise en page de MICHAELzine, les photos d\u2019illustration et du shooting.<br>\u00c9galement cr\u00e9ateur de la maquette de \u00abMen In Black\u00bb.<br>Chroniqueur , auteur d&#8217;articles pour diff\u00e9rentes rubriques (&#8220;Actu&#8221;\/ &#8220;Charts&#8221; \/ &#8220;MoonTalk&#8221; \/ &#8220;Tracks&#8221; \/ &#8220;Revue de DVD&#8221; \/ &#8220;TV News&#8221; \/ &#8220;Revue de Livres&#8221; \/ &#8220;Les tr\u00e9sors du Web&#8221; &#8230;).<\/li><\/ul>\n\n\n\n<ul class=\"wp-block-list\"><li><strong>Davy Appert<\/strong> : Cr\u00e9ateur et webmaster de MJLegend.com. Ex-pr\u00e9sident et membre fondateur de l\u2019association \u00abMusic First\u00bb. Cr\u00e9ateur du podcast vid\u00e9o \u00ab Salut les Fans ! \u00bb.<br>Chroniqueur , auteur d&#8217;articles pour diff\u00e9rentes rubriques (&#8220;MoonTalk&#8221; \/ &#8220;Revue de DVD&#8221; \/ &#8220;Revue de Livres&#8221; &#8230;).<br>Davy propose \u00e9galement des id\u00e9es dans la r\u00e9alisation des num\u00e9ros.<\/li><\/ul>\n\n\n\n<ul class=\"wp-block-list\"><li><strong>Spleen<\/strong> : a eu l\u2019id\u00e9e du concept \u00ab Men In Black \u00bb &#8211; \u00ab la feuille de Michaelzine \u00bb. JG participe aux choix des th\u00e9matiques de chaque num\u00e9ro et \u00e0 la r\u00e9flexion sur l\u2019\u00e9volution du concept \u00ab MICHAELzine \u00bb avec ses nombreuses id\u00e9es.<br>Chroniqueur , auteur d&#8217;articles pour diff\u00e9rentes rubriques (&#8220;MoonTalk&#8221; \/ &#8220;Tracks&#8221; \/ &#8220;Revue de DVD&#8221; \/ &#8220;Revue de Livres&#8221;&#8230;).<\/li><\/ul>\n\n\n\n<ul class=\"wp-block-list\"><li><strong>Diana D\u2019Herty<\/strong> : Chroniqueuse , auteure des articles : \u00ab MJ face \u00e0 Newton et Galil\u00e9e \u00bb \/ \u00ab Pop-Th\u00e9rapie \u00bb \/ \u00ab Egypte Connection \u00bb \/ \u00ab Space Brother \u00bb &#8230;<\/li><\/ul>\n\n\n\n<ul class=\"wp-block-list\"><li><strong>PCDX<\/strong> :  Pierre-Charles a en charge la rubrique \u00ab After Pop \u00bb dans chaque num\u00e9ro de \u00ab MICHAELzine \u00bb<br>Il a r\u00e9dig\u00e9 plusieurs articles pour \u00ab Tracks \u00bb, \u00ab Revue de Mixtapes \u00bb et le fanzine \u00ab Men In Black \u00bb.<\/li><\/ul>\n\n\n\n<p><strong>Contributeurs occasionnels :<\/strong><\/p>\n\n\n\n<ul class=\"wp-block-list\"><li><strong>Franck Vidiella<\/strong> : \u00e9crivain, auteur des livres : \u00ab Michael, Le journal d&#8217;un fan \u00bb (2010); \u00ab Michael Jackson : artiste d&#8217;exception ou G\u00e9nie ? \u00bb (2011).Franck a r\u00e9dig\u00e9 l\u2019article \u00ab Lost in Tokyo \u00bb [MICHAELzine #3 (2010)] et r\u00e9alis\u00e9 une interview de l\u2019artiste <strong>On\u00e9simo Colavidas<\/strong> [MICHAELzine #4 (2011)].<\/li><\/ul>\n\n\n\n<ul class=\"wp-block-list\"><li><strong>Lil\u2019 Michaelette<\/strong> : blogueuse, auteure de l\u2019article : \u00ab Thriller aLive \u00bb sur le spectacle \u00ab Thriller Live \u00bb d\u2019Adrian Grant \u00e0 Londres.<\/li><\/ul>\n\n\n\n<ul class=\"wp-block-list\"><li><strong>Soph<\/strong> : blogueuse, auteure de l\u2019article \u00ab Le combat des fans \u00bb qui appelait les fans \u00e0 la mobilisation contre les m\u00e9dias qui diffament Michael Jackson.<\/li><\/ul>\n\n\n\n<ul class=\"wp-block-list\"><li><strong>Mark-O<\/strong> : fan, Mark-O a r\u00e9dig\u00e9 l\u2019article \u00ab14 ans apr\u00e8s&#8230;\u00bb sur son exp\u00e9rience concernant le concert du HIStory Tour \u00e0 Lyon (France) et le vid\u00e9oclip \u00ab Behind The Mask \u00bb.<\/li><\/ul>\n\n\n\n<ul class=\"wp-block-list\"><li><strong>No\u00e9mie<\/strong> : jeune mod\u00e8le fran\u00e7ais, No\u00e9mie a particip\u00e9 aux premiers shootings de MICHAELzine : \u00ab Beat it \u00bb , \u00ab Unstoppable \u00bb.<\/li><\/ul>\n","protected":false},"excerpt":{"rendered":"<p>Cr\u00e9\u00e9 en 2010, MICHAELzine est le 1er fanzine num\u00e9rique francophone consacr\u00e9 \u00e0 Michael Jackson. Gratuit,<\/p>\n","protected":false},"author":1,"featured_media":0,"parent":0,"menu_order":9,"comment_status":"open","ping_status":"open","template":"","meta":{"footnotes":""},"class_list":["post-63","page","type-page","status-publish","hentry"],"_links":{"self":[{"href":"https:\/\/michaelzine.com\/Wordpress\/index.php?rest_route=\/wp\/v2\/pages\/63"}],"collection":[{"href":"https:\/\/michaelzine.com\/Wordpress\/index.php?rest_route=\/wp\/v2\/pages"}],"about":[{"href":"https:\/\/michaelzine.com\/Wordpress\/index.php?rest_route=\/wp\/v2\/types\/page"}],"author":[{"embeddable":true,"href":"https:\/\/michaelzine.com\/Wordpress\/index.php?rest_route=\/wp\/v2\/users\/1"}],"replies":[{"embeddable":true,"href":"https:\/\/michaelzine.com\/Wordpress\/index.php?rest_route=%2Fwp%2Fv2%2Fcomments&post=63"}],"version-history":[{"count":22,"href":"https:\/\/michaelzine.com\/Wordpress\/index.php?rest_route=\/wp\/v2\/pages\/63\/revisions"}],"predecessor-version":[{"id":1060,"href":"https:\/\/michaelzine.com\/Wordpress\/index.php?rest_route=\/wp\/v2\/pages\/63\/revisions\/1060"}],"wp:attachment":[{"href":"https:\/\/michaelzine.com\/Wordpress\/index.php?rest_route=%2Fwp%2Fv2%2Fmedia&parent=63"}],"curies":[{"name":"wp","href":"https:\/\/api.w.org\/{rel}","templated":true}]}}