{"id":53,"date":"2015-09-02T17:35:26","date_gmt":"2015-09-02T17:35:26","guid":{"rendered":"http:\/\/michaelzine.com\/Wordpress\/?page_id=53"},"modified":"2022-06-23T19:37:45","modified_gmt":"2022-06-23T19:37:45","slug":"telecharger-michaelzine","status":"publish","type":"page","link":"https:\/\/michaelzine.com\/Wordpress\/?page_id=53","title":{"rendered":"T\u00e9l\u00e9charger MICHAELzine"},"content":{"rendered":"<ul>\n<li><strong>MICHAELzine #7 &#8211; (2019) : <a href=\"https:\/\/sebka.terra-octet.fr\/dl\/52701vKCUdjmlM09WGDnYmdiv\">T\u00e9l\u00e9charger<\/a><br \/>\n<\/strong><\/li>\n<\/ul>\n<p><a href=\"https:\/\/sebka.terra-octet.fr\/dl\/52701vKCUdjmlM09WGDnYmdiv\" data-wplink-edit=\"true\"><img loading=\"lazy\" decoding=\"async\" class=\"alignnone size-full wp-image-667\" src=\"http:\/\/michaelzine.com\/Wordpress\/wp-content\/uploads\/2019\/11\/MICHAELzine-7-Couverture-preview.jpg\" alt=\"\" width=\"587\" height=\"750\" srcset=\"https:\/\/michaelzine.com\/Wordpress\/wp-content\/uploads\/2019\/11\/MICHAELzine-7-Couverture-preview.jpg 587w, https:\/\/michaelzine.com\/Wordpress\/wp-content\/uploads\/2019\/11\/MICHAELzine-7-Couverture-preview-235x300.jpg 235w, https:\/\/michaelzine.com\/Wordpress\/wp-content\/uploads\/2019\/11\/MICHAELzine-7-Couverture-preview-480x613.jpg 480w\" sizes=\"(max-width: 587px) 100vw, 587px\" \/><\/a><\/p>\n<div style=\"color: #ff0000;\">\n<ul>\n<li><span style=\"color: black;\"><strong>MICHAELzine #6<\/strong> &#8211; (2014) : <a href=\"https:\/\/sebka.terra-octet.fr\/dl\/23894r4aGOZPTynqT3hgq8jcl\">T\u00e9l\u00e9charger<\/a><br \/>\n<a href=\"https:\/\/sebka.terra-octet.fr\/dl\/23894r4aGOZPTynqT3hgq8jcl\"><img loading=\"lazy\" decoding=\"async\" class=\"alignnone size-full wp-image-277\" src=\"http:\/\/michaelzine.com\/Wordpress\/wp-content\/uploads\/2015\/09\/MICHAELzine_06_2014.jpg\" alt=\"MICHAELzine_06_2014\" width=\"500\" height=\"550\" srcset=\"https:\/\/michaelzine.com\/Wordpress\/wp-content\/uploads\/2015\/09\/MICHAELzine_06_2014.jpg 500w, https:\/\/michaelzine.com\/Wordpress\/wp-content\/uploads\/2015\/09\/MICHAELzine_06_2014-273x300.jpg 273w, https:\/\/michaelzine.com\/Wordpress\/wp-content\/uploads\/2015\/09\/MICHAELzine_06_2014-480x528.jpg 480w\" sizes=\"(max-width: 500px) 100vw, 500px\" \/><\/a><\/span><\/li>\n<\/ul>\n<\/div>\n<div style=\"color: #ff0000;\">\n<ul>\n<li><span style=\"color: black;\"><strong>MICHAELzine #5<\/strong> &#8211; (2012) : <a href=\"https:\/\/sebka.terra-octet.fr\/dl\/7008UahUCQ9umMUXmzNWHoVa\">T\u00e9l\u00e9charger<\/a><br \/>\n<a href=\"https:\/\/sebka.terra-octet.fr\/dl\/7008UahUCQ9umMUXmzNWHoVa\"><img loading=\"lazy\" decoding=\"async\" class=\"alignnone size-full wp-image-242\" src=\"http:\/\/michaelzine.com\/Wordpress\/wp-content\/uploads\/2015\/09\/MICHAELzine_5_download_aout_2012.jpg\" alt=\"MICHAELzine_5_download_aout_2012\" width=\"500\" height=\"550\" srcset=\"https:\/\/michaelzine.com\/Wordpress\/wp-content\/uploads\/2015\/09\/MICHAELzine_5_download_aout_2012.jpg 500w, https:\/\/michaelzine.com\/Wordpress\/wp-content\/uploads\/2015\/09\/MICHAELzine_5_download_aout_2012-273x300.jpg 273w, https:\/\/michaelzine.com\/Wordpress\/wp-content\/uploads\/2015\/09\/MICHAELzine_5_download_aout_2012-480x528.jpg 480w\" sizes=\"(max-width: 500px) 100vw, 500px\" \/><\/a><\/span><\/li>\n<\/ul>\n<\/div>\n<div style=\"color: #ff0000;\">\n<ul>\n<li><span style=\"color: black;\"><strong>MICHAELzine #4<\/strong> &#8211; (2011) : <a href=\"https:\/\/sebka.terra-octet.fr\/dl\/2137MGBrC2qfJbJa3t8zaphD\">T\u00e9l\u00e9charger<\/a><br \/>\n<a href=\"https:\/\/sebka.terra-octet.fr\/dl\/2137MGBrC2qfJbJa3t8zaphD\"><img loading=\"lazy\" decoding=\"async\" class=\"alignnone size-full wp-image-273\" src=\"http:\/\/michaelzine.com\/Wordpress\/wp-content\/uploads\/2015\/09\/MICHAELzine_04_2011.jpg\" alt=\"MICHAELzine_04_2011\" width=\"500\" height=\"550\" srcset=\"https:\/\/michaelzine.com\/Wordpress\/wp-content\/uploads\/2015\/09\/MICHAELzine_04_2011.jpg 500w, https:\/\/michaelzine.com\/Wordpress\/wp-content\/uploads\/2015\/09\/MICHAELzine_04_2011-273x300.jpg 273w, https:\/\/michaelzine.com\/Wordpress\/wp-content\/uploads\/2015\/09\/MICHAELzine_04_2011-480x528.jpg 480w\" sizes=\"(max-width: 500px) 100vw, 500px\" \/><\/a><\/span><\/li>\n<\/ul>\n<\/div>\n<div style=\"color: #ff0000;\">\n<ul>\n<li><span style=\"color: black;\"><strong>MICHAELzine #3<\/strong> &#8211; (2010) : <a href=\"https:\/\/sebka.terra-octet.fr\/dl\/1041U5e226y0e6jWAH8i9nN8\">T\u00e9l\u00e9charger<\/a><br \/>\n<a href=\"https:\/\/sebka.terra-octet.fr\/dl\/1041U5e226y0e6jWAH8i9nN8\"><img loading=\"lazy\" decoding=\"async\" class=\"alignnone size-full wp-image-271\" src=\"http:\/\/michaelzine.com\/Wordpress\/wp-content\/uploads\/2015\/09\/MICHAELzine_03_2011.jpg\" alt=\"MICHAELzine_03_2011\" width=\"500\" height=\"550\"><\/a><\/span><\/li>\n<\/ul>\n<\/div>\n<div style=\"color: #ff0000;\">\n<ul>\n<li><span style=\"color: black;\"><strong>MICHAELzine #2<\/strong> &#8211; (2010) : <a href=\"https:\/\/sebka.terra-octet.fr\/dl\/376031wH6xTilZBmHXNhwhI\">T\u00e9l\u00e9charger<\/a><br \/>\n<a href=\"https:\/\/sebka.terra-octet.fr\/dl\/376031wH6xTilZBmHXNhwhI\"><img loading=\"lazy\" decoding=\"async\" class=\"alignnone size-full wp-image-281\" src=\"http:\/\/michaelzine.com\/Wordpress\/wp-content\/uploads\/2015\/09\/MICHAELzine_02_2010.jpg\" alt=\"MICHAELzine_02_2010\" width=\"500\" height=\"550\" srcset=\"https:\/\/michaelzine.com\/Wordpress\/wp-content\/uploads\/2015\/09\/MICHAELzine_02_2010.jpg 500w, https:\/\/michaelzine.com\/Wordpress\/wp-content\/uploads\/2015\/09\/MICHAELzine_02_2010-273x300.jpg 273w, https:\/\/michaelzine.com\/Wordpress\/wp-content\/uploads\/2015\/09\/MICHAELzine_02_2010-480x528.jpg 480w\" sizes=\"(max-width: 500px) 100vw, 500px\" \/><\/a><\/span><\/li>\n<\/ul>\n<\/div>\n<div style=\"color: #ff0000;\">\n<ul>\n<li><span style=\"color: black;\"><strong>MICHAELzine #1<\/strong> &#8211; (2010) : <a href=\"https:\/\/sebka.terra-octet.fr\/dl\/17771H5giaK77Xq7Yb2HHss\">T\u00e9l\u00e9charger<\/a><br \/>\n<a href=\"https:\/\/sebka.terra-octet.fr\/dl\/17771H5giaK77Xq7Yb2HHss\"><img loading=\"lazy\" decoding=\"async\" class=\"alignnone size-full wp-image-279\" src=\"http:\/\/michaelzine.com\/Wordpress\/wp-content\/uploads\/2015\/09\/MICHAELzine_01_2010.jpg\" alt=\"MICHAELzine_01_2010\" width=\"500\" height=\"550\" srcset=\"https:\/\/michaelzine.com\/Wordpress\/wp-content\/uploads\/2015\/09\/MICHAELzine_01_2010.jpg 500w, https:\/\/michaelzine.com\/Wordpress\/wp-content\/uploads\/2015\/09\/MICHAELzine_01_2010-273x300.jpg 273w, https:\/\/michaelzine.com\/Wordpress\/wp-content\/uploads\/2015\/09\/MICHAELzine_01_2010-480x528.jpg 480w\" sizes=\"(max-width: 500px) 100vw, 500px\" \/><\/a><\/span><\/li>\n<\/ul>\n<\/div>\n","protected":false},"excerpt":{"rendered":"<p>MICHAELzine #7 &#8211; (2019) : T\u00e9l\u00e9charger MICHAELzine #6 &#8211; (2014) : T\u00e9l\u00e9charger MICHAELzine #5 &#8211;<\/p>\n","protected":false},"author":1,"featured_media":0,"parent":0,"menu_order":3,"comment_status":"closed","ping_status":"open","template":"","meta":{"footnotes":""},"class_list":["post-53","page","type-page","status-publish","hentry"],"_links":{"self":[{"href":"https:\/\/michaelzine.com\/Wordpress\/index.php?rest_route=\/wp\/v2\/pages\/53"}],"collection":[{"href":"https:\/\/michaelzine.com\/Wordpress\/index.php?rest_route=\/wp\/v2\/pages"}],"about":[{"href":"https:\/\/michaelzine.com\/Wordpress\/index.php?rest_route=\/wp\/v2\/types\/page"}],"author":[{"embeddable":true,"href":"https:\/\/michaelzine.com\/Wordpress\/index.php?rest_route=\/wp\/v2\/users\/1"}],"replies":[{"embeddable":true,"href":"https:\/\/michaelzine.com\/Wordpress\/index.php?rest_route=%2Fwp%2Fv2%2Fcomments&post=53"}],"version-history":[{"count":22,"href":"https:\/\/michaelzine.com\/Wordpress\/index.php?rest_route=\/wp\/v2\/pages\/53\/revisions"}],"predecessor-version":[{"id":669,"href":"https:\/\/michaelzine.com\/Wordpress\/index.php?rest_route=\/wp\/v2\/pages\/53\/revisions\/669"}],"wp:attachment":[{"href":"https:\/\/michaelzine.com\/Wordpress\/index.php?rest_route=%2Fwp%2Fv2%2Fmedia&parent=53"}],"curies":[{"name":"wp","href":"https:\/\/api.w.org\/{rel}","templated":true}]}}